{"id":393,"date":"2019-06-06T06:42:33","date_gmt":"2019-06-06T06:42:33","guid":{"rendered":"http:\/\/99.80.114.157\/utajordan\/?page_id=393"},"modified":"2023-03-31T14:49:17","modified_gmt":"2023-03-31T14:49:17","slug":"tour-packages","status":"publish","type":"page","link":"https:\/\/www.uta.com.sa\/pt\/tour-packages\/","title":{"rendered":"Experi\u00eancias Jordanianas"},"content":{"rendered":"<p>[vc_row css_animation=&#8221;&#8221; row_type=&#8221;row&#8221; use_row_as_full_screen_section=&#8221;no&#8221; type=&#8221;full_width&#8221; angled_section=&#8221;no&#8221; text_align=&#8221;left&#8221; background_image_as_pattern=&#8221;without_pattern&#8221;][vc_column][vc_column_text]<\/p>\n<p>Jord\u00e2nia \u00e9 um local ideal para v\u00e1rios destinos que oferece uma variedade de experi\u00eancias aut\u00eanticas e memor\u00e1veis. A UTA \u00e9 apaixonada pela Jord\u00e2nia e adora compartilh\u00e1-lo com visitantes internacionais. UTA oferece pacotes tur\u00edsticos baseados em uma s\u00e9rie de atividades, mas n\u00e3o \u00e9 limitada pela estrutura, orgulhamo-nos da flexibilidade e solu\u00e7\u00f5es personaliz\u00e1veis.<\/p>\n<p>[\/vc_column_text][vc_empty_space height=&#8221;50px&#8221;][vc_column_text]<\/p>\n<h2 style=\"text-align: center;\">Sugest\u00f5es by UTA<\/h2>\n<p>[\/vc_column_text][vc_empty_space height=&#8221;50px&#8221;][vc_row_inner row_type=&#8221;row&#8221; type=&#8221;full_width&#8221; text_align=&#8221;center&#8221; css_animation=&#8221;&#8221;][vc_column_inner width=&#8221;1\/3&#8243;][vc_single_image image=&#8221;397&#8243; img_size=&#8221;full&#8221; alignment=&#8221;center&#8221; qode_css_animation=&#8221;&#8221;][vc_empty_space height=&#8221;20px&#8221;][vc_column_text]<\/p>\n<h3 style=\"text-align: center; color: #27548b;\">AVENTURA<\/h3>\n<p>[\/vc_column_text][vc_column_text]<\/p>\n<p style=\"text-align: center;\">A UTA oferece itiner\u00e1rios baseados em uma s\u00e9rie de atividades, mas n\u00e3o \u00e9 limitada pela estrutura, orgulhamo-nos da flexibilidade e solu\u00e7\u00f5es personaliz\u00e1veis.<\/p>\n<p>[\/vc_column_text][vc_empty_space height=&#8221;20px&#8221;]<a  itemprop=\"url\" href=\"\/pt\/alula-buggies\/\" target=\"_self\"  class=\"qbutton  default\" style=\"\">Leia Mais<\/a>[\/vc_column_inner][vc_column_inner width=&#8221;1\/3&#8243;][vc_single_image image=&#8221;401&#8243; img_size=&#8221;full&#8221; alignment=&#8221;center&#8221; qode_css_animation=&#8221;&#8221;][vc_empty_space height=&#8221;20px&#8221;][vc_column_text]<\/p>\n<h3 style=\"text-align: center; color: #27548b;\">Hist\u00f3rico e Cultural<\/h3>\n<p>[\/vc_column_text][vc_column_text]<\/p>\n<p style=\"text-align: center;\">Petra, a antiga cidade nabatea esculpida na rocha de cor vermelha de Wadi Musa, continua a ser o maior atrativo do pa\u00eds, e a UTA oferece visitas guiadas por todo o complexo.<\/p>\n<p>[\/vc_column_text][vc_empty_space height=&#8221;20px&#8221;]<a  itemprop=\"url\" href=\"\/pt\/historical-cultural\/\" target=\"_self\"  class=\"qbutton  default\" style=\"\">Leia Mais<\/a>[\/vc_column_inner][vc_column_inner width=&#8221;1\/3&#8243;][vc_single_image image=&#8221;399&#8243; img_size=&#8221;full&#8221; alignment=&#8221;center&#8221; qode_css_animation=&#8221;&#8221;][vc_empty_space height=&#8221;20px&#8221;][vc_column_text]<\/p>\n<h3 style=\"text-align: center; color: #27548b;\">ECOTURISMO<\/h3>\n<p>[\/vc_column_text][vc_column_text]<\/p>\n<p style=\"text-align: center;\">O ecoturismo come\u00e7ou a florescer na Jord\u00e2nia, com uma s\u00e9rie de pousadas e passeios ecol\u00f3gicos que atendem aos visitantes.<\/p>\n<p>[\/vc_column_text][vc_empty_space height=&#8221;20px&#8221;]<a  itemprop=\"url\" href=\"\/pt\/ecotourism\/\" target=\"_self\"  class=\"qbutton  default\" style=\"\">Leia Mais<\/a>[\/vc_column_inner][\/vc_row_inner][vc_empty_space height=&#8221;50px&#8221;][vc_row_inner row_type=&#8221;row&#8221; type=&#8221;full_width&#8221; text_align=&#8221;center&#8221; css_animation=&#8221;&#8221;][vc_column_inner width=&#8221;1\/3&#8243;][vc_single_image image=&#8221;556&#8243; img_size=&#8221;full&#8221; alignment=&#8221;center&#8221; qode_css_animation=&#8221;&#8221;][vc_empty_space height=&#8221;20px&#8221;][vc_column_text]<\/p>\n<h3 style=\"text-align: center; color: #27548b;\">RELIGIOSO<\/h3>\n<p>[\/vc_column_text][vc_column_text]<\/p>\n<p style=\"text-align: center;\">A UTA pode fornecer pacotes tur\u00edsticos b\u00edblicos que permitem aos visitantes conhecer a Bet\u00e2nia no Rio Jord\u00e3o, o local do batismo de Jesus, o Monte Nebo, de onde a terra prometida foi revelada a Mois\u00e9s.<\/p>\n<p>[\/vc_column_text][vc_empty_space height=&#8221;20px&#8221;]<a  itemprop=\"url\" href=\"\/pt\/religious\/\" target=\"_self\"  class=\"qbutton  default\" style=\"\">Leia Mais<\/a>[\/vc_column_inner][vc_column_inner width=&#8221;1\/3&#8243;][vc_single_image image=&#8221;402&#8243; img_size=&#8221;full&#8221; alignment=&#8221;center&#8221; qode_css_animation=&#8221;&#8221;][vc_empty_space height=&#8221;20px&#8221;][vc_column_text]<\/p>\n<h3 style=\"text-align: center; color: #27548b;\">MEDICINA E BEM-ESTAR<\/h3>\n<p>[\/vc_column_text][vc_column_text]<\/p>\n<p style=\"text-align: center;\">A UTA ajuda os viajantes que procuram um retiro de bem-estar, bem como pacientes que necessitam de servi\u00e7os e cuidados mais especializados. A UTA est\u00e1 bem equipada para atender melhor \u00e0s necessidades e exig\u00eancias do paciente.<\/p>\n<p>[\/vc_column_text][vc_empty_space height=&#8221;20px&#8221;]<a  itemprop=\"url\" href=\"\/pt\/medical-wellness\/\" target=\"_self\"  class=\"qbutton  default\" style=\"\">Leia Mais<\/a>[\/vc_column_inner][vc_column_inner width=&#8221;1\/3&#8243;][vc_single_image image=&#8221;400&#8243; img_size=&#8221;full&#8221; alignment=&#8221;center&#8221; qode_css_animation=&#8221;&#8221;][vc_empty_space height=&#8221;20px&#8221;][vc_column_text]<\/p>\n<h3 style=\"text-align: center; color: #27548b;\">EDUCATIVO<\/h3>\n<p>[\/vc_column_text][vc_column_text]<\/p>\n<p style=\"text-align: center;\">A UTA facilita uma plataforma personalizada para grupos de interesse especializados se reunirem e compartilharem conhecimento com institui\u00e7\u00f5es educacionais locais.<\/p>\n<p>[\/vc_column_text][vc_empty_space height=&#8221;20px&#8221;]<a  itemprop=\"url\" href=\"\/pt\/educational\/\" target=\"_self\"  class=\"qbutton  default\" style=\"\">Leia Mais<\/a>[\/vc_column_inner][\/vc_row_inner][vc_empty_space height=&#8221;50px&#8221;][vc_row_inner row_type=&#8221;row&#8221; type=&#8221;full_width&#8221; text_align=&#8221;center&#8221; css_animation=&#8221;&#8221;][vc_column_inner width=&#8221;1\/3&#8243;][vc_single_image image=&#8221;398&#8243; img_size=&#8221;full&#8221; alignment=&#8221;center&#8221; qode_css_animation=&#8221;&#8221;][vc_empty_space height=&#8221;20px&#8221;][vc_column_text]<\/p>\n<h3 style=\"text-align: center; color: #27548b;\">CULIN\u00c1RIA<\/h3>\n<p>[\/vc_column_text][vc_column_text]<\/p>\n<p style=\"text-align: center;\">A UTA oferece passeios a p\u00e9 pela movimentada \u00e1rea do centro de Am\u00e3, onde moradores e visitantes caminham por ruas cheias de aromas para provar comidas locais.<\/p>\n<p>[\/vc_column_text][vc_empty_space height=&#8221;20px&#8221;]<a  itemprop=\"url\" href=\"\/pt\/culinary\/\" target=\"_self\"  class=\"qbutton  default\" style=\"\">Leia Mais<\/a>[\/vc_column_inner][vc_column_inner width=&#8221;1\/3&#8243;][vc_single_image image=&#8221;403&#8243; img_size=&#8221;full&#8221; alignment=&#8221;center&#8221; qode_css_animation=&#8221;&#8221;][vc_empty_space height=&#8221;20px&#8221;][vc_column_text]<\/p>\n<h3 style=\"text-align: center; color: #27548b;\">MICE<\/h3>\n<p>[\/vc_column_text][vc_column_text]<\/p>\n<p style=\"text-align: center; color: #27548b;\"><strong>Reuni\u00f5es, Incentivos, Confer\u00eancias e Exposi\u00e7\u00f5es<\/strong><\/p>\n<p>[\/vc_column_text][vc_empty_space height=&#8221;10px&#8221;][vc_column_text]<\/p>\n<p style=\"text-align: center;\">United Travel Agency (UTA) possui uma equipe especializada capaz de planejar, organizar e gerenciar uma gama completa de reuni\u00f5es de neg\u00f3cios, semin\u00e1rios e itiner\u00e1rios de viagens de incentivo.<\/p>\n<p>[\/vc_column_text][vc_empty_space height=&#8221;20px&#8221;]<a  itemprop=\"url\" href=\"\/pt\/mice\/\" target=\"_self\"  class=\"qbutton  default\" style=\"\">Leia Mais<\/a>[\/vc_column_inner][vc_column_inner width=&#8221;1\/3&#8243;][\/vc_column_inner][\/vc_row_inner][vc_empty_space height=&#8221;50px&#8221;][vc_separator type=&#8221;normal&#8221;][\/vc_column][\/vc_row]<\/p>\n","protected":false},"excerpt":{"rendered":"<p>[vc_row css_animation=&#8221;&#8221; row_type=&#8221;row&#8221; use_row_as_full_screen_section=&#8221;no&#8221; type=&#8221;full_width&#8221; angled_section=&#8221;no&#8221; text_align=&#8221;left&#8221; background_image_as_pattern=&#8221;without_pattern&#8221;][vc_column][vc_column_text] Jord\u00e2nia \u00e9 um local ideal para v\u00e1rios destinos que oferece uma variedade de experi\u00eancias aut\u00eanticas e memor\u00e1veis. A UTA \u00e9 apaixonada pela Jord\u00e2nia e adora compartilh\u00e1-lo com visitantes internacionais. UTA oferece pacotes tur\u00edsticos baseados em uma s\u00e9rie&#8230;<\/p>\n","protected":false},"author":1,"featured_media":0,"parent":0,"menu_order":0,"comment_status":"closed","ping_status":"open","template":"","meta":{"footnotes":""},"class_list":["post-393","page","type-page","status-publish","hentry"],"yoast_head":"<!-- This site is optimized with the Yoast SEO plugin v26.6 - https:\/\/yoast.com\/wordpress\/plugins\/seo\/ -->\n<title>Experi\u00eancias Jordanianas - UTA Jordan in Portuguese<\/title>\n<meta name=\"robots\" content=\"index, follow, max-snippet:-1, max-image-preview:large, max-video-preview:-1\" \/>\n<link rel=\"canonical\" href=\"https:\/\/www.uta.com.sa\/pt\/tour-packages\/\" \/>\n<meta property=\"og:locale\" content=\"en_US\" \/>\n<meta property=\"og:type\" content=\"article\" \/>\n<meta property=\"og:title\" content=\"Experi\u00eancias Jordanianas - UTA Jordan in Portuguese\" \/>\n<meta property=\"og:description\" content=\"[vc_row css_animation=&#8221;&#8221; row_type=&#8221;row&#8221; use_row_as_full_screen_section=&#8221;no&#8221; type=&#8221;full_width&#8221; angled_section=&#8221;no&#8221; text_align=&#8221;left&#8221; background_image_as_pattern=&#8221;without_pattern&#8221;][vc_column][vc_column_text] Jord\u00e2nia \u00e9 um local ideal para v\u00e1rios destinos que oferece uma variedade de experi\u00eancias aut\u00eanticas e memor\u00e1veis. A UTA \u00e9 apaixonada pela Jord\u00e2nia e adora compartilh\u00e1-lo com visitantes internacionais. UTA oferece pacotes tur\u00edsticos baseados em uma s\u00e9rie...\" \/>\n<meta property=\"og:url\" content=\"https:\/\/www.uta.com.sa\/pt\/tour-packages\/\" \/>\n<meta property=\"og:site_name\" content=\"UTA Jordan in Portuguese\" \/>\n<meta property=\"article:modified_time\" content=\"2023-03-31T14:49:17+00:00\" \/>\n<meta name=\"twitter:card\" content=\"summary_large_image\" \/>\n<meta name=\"twitter:label1\" content=\"Est. reading time\" \/>\n\t<meta name=\"twitter:data1\" content=\"2 minutes\" \/>\n<script type=\"application\/ld+json\" class=\"yoast-schema-graph\">{\"@context\":\"https:\/\/schema.org\",\"@graph\":[{\"@type\":\"WebPage\",\"@id\":\"https:\/\/www.uta.com.sa\/pt\/tour-packages\/\",\"url\":\"https:\/\/www.uta.com.sa\/pt\/tour-packages\/\",\"name\":\"Experi\u00eancias Jordanianas - UTA Jordan in Portuguese\",\"isPartOf\":{\"@id\":\"https:\/\/www.uta.com.sa\/pt\/#website\"},\"datePublished\":\"2019-06-06T06:42:33+00:00\",\"dateModified\":\"2023-03-31T14:49:17+00:00\",\"breadcrumb\":{\"@id\":\"https:\/\/www.uta.com.sa\/pt\/tour-packages\/#breadcrumb\"},\"inLanguage\":\"en-US\",\"potentialAction\":[{\"@type\":\"ReadAction\",\"target\":[\"https:\/\/www.uta.com.sa\/pt\/tour-packages\/\"]}]},{\"@type\":\"BreadcrumbList\",\"@id\":\"https:\/\/www.uta.com.sa\/pt\/tour-packages\/#breadcrumb\",\"itemListElement\":[{\"@type\":\"ListItem\",\"position\":1,\"name\":\"Home\",\"item\":\"https:\/\/www.uta.com.sa\/pt\/\"},{\"@type\":\"ListItem\",\"position\":2,\"name\":\"Experi\u00eancias Jordanianas\"}]},{\"@type\":\"WebSite\",\"@id\":\"https:\/\/www.uta.com.sa\/pt\/#website\",\"url\":\"https:\/\/www.uta.com.sa\/pt\/\",\"name\":\"UTA Jordan in Portuguese\",\"description\":\"Explore Jordan\",\"potentialAction\":[{\"@type\":\"SearchAction\",\"target\":{\"@type\":\"EntryPoint\",\"urlTemplate\":\"https:\/\/www.uta.com.sa\/pt\/?s={search_term_string}\"},\"query-input\":{\"@type\":\"PropertyValueSpecification\",\"valueRequired\":true,\"valueName\":\"search_term_string\"}}],\"inLanguage\":\"en-US\"}]}<\/script>\n<!-- \/ Yoast SEO plugin. -->","yoast_head_json":{"title":"Experi\u00eancias Jordanianas - UTA Jordan in Portuguese","robots":{"index":"index","follow":"follow","max-snippet":"max-snippet:-1","max-image-preview":"max-image-preview:large","max-video-preview":"max-video-preview:-1"},"canonical":"https:\/\/www.uta.com.sa\/pt\/tour-packages\/","og_locale":"en_US","og_type":"article","og_title":"Experi\u00eancias Jordanianas - UTA Jordan in Portuguese","og_description":"[vc_row css_animation=&#8221;&#8221; row_type=&#8221;row&#8221; use_row_as_full_screen_section=&#8221;no&#8221; type=&#8221;full_width&#8221; angled_section=&#8221;no&#8221; text_align=&#8221;left&#8221; background_image_as_pattern=&#8221;without_pattern&#8221;][vc_column][vc_column_text] Jord\u00e2nia \u00e9 um local ideal para v\u00e1rios destinos que oferece uma variedade de experi\u00eancias aut\u00eanticas e memor\u00e1veis. A UTA \u00e9 apaixonada pela Jord\u00e2nia e adora compartilh\u00e1-lo com visitantes internacionais. UTA oferece pacotes tur\u00edsticos baseados em uma s\u00e9rie...","og_url":"https:\/\/www.uta.com.sa\/pt\/tour-packages\/","og_site_name":"UTA Jordan in Portuguese","article_modified_time":"2023-03-31T14:49:17+00:00","twitter_card":"summary_large_image","twitter_misc":{"Est. reading time":"2 minutes"},"schema":{"@context":"https:\/\/schema.org","@graph":[{"@type":"WebPage","@id":"https:\/\/www.uta.com.sa\/pt\/tour-packages\/","url":"https:\/\/www.uta.com.sa\/pt\/tour-packages\/","name":"Experi\u00eancias Jordanianas - UTA Jordan in Portuguese","isPartOf":{"@id":"https:\/\/www.uta.com.sa\/pt\/#website"},"datePublished":"2019-06-06T06:42:33+00:00","dateModified":"2023-03-31T14:49:17+00:00","breadcrumb":{"@id":"https:\/\/www.uta.com.sa\/pt\/tour-packages\/#breadcrumb"},"inLanguage":"en-US","potentialAction":[{"@type":"ReadAction","target":["https:\/\/www.uta.com.sa\/pt\/tour-packages\/"]}]},{"@type":"BreadcrumbList","@id":"https:\/\/www.uta.com.sa\/pt\/tour-packages\/#breadcrumb","itemListElement":[{"@type":"ListItem","position":1,"name":"Home","item":"https:\/\/www.uta.com.sa\/pt\/"},{"@type":"ListItem","position":2,"name":"Experi\u00eancias Jordanianas"}]},{"@type":"WebSite","@id":"https:\/\/www.uta.com.sa\/pt\/#website","url":"https:\/\/www.uta.com.sa\/pt\/","name":"UTA Jordan in Portuguese","description":"Explore Jordan","potentialAction":[{"@type":"SearchAction","target":{"@type":"EntryPoint","urlTemplate":"https:\/\/www.uta.com.sa\/pt\/?s={search_term_string}"},"query-input":{"@type":"PropertyValueSpecification","valueRequired":true,"valueName":"search_term_string"}}],"inLanguage":"en-US"}]}},"_links":{"self":[{"href":"https:\/\/www.uta.com.sa\/pt\/wp-json\/wp\/v2\/pages\/393","targetHints":{"allow":["GET"]}}],"collection":[{"href":"https:\/\/www.uta.com.sa\/pt\/wp-json\/wp\/v2\/pages"}],"about":[{"href":"https:\/\/www.uta.com.sa\/pt\/wp-json\/wp\/v2\/types\/page"}],"author":[{"embeddable":true,"href":"https:\/\/www.uta.com.sa\/pt\/wp-json\/wp\/v2\/users\/1"}],"replies":[{"embeddable":true,"href":"https:\/\/www.uta.com.sa\/pt\/wp-json\/wp\/v2\/comments?post=393"}],"version-history":[{"count":0,"href":"https:\/\/www.uta.com.sa\/pt\/wp-json\/wp\/v2\/pages\/393\/revisions"}],"wp:attachment":[{"href":"https:\/\/www.uta.com.sa\/pt\/wp-json\/wp\/v2\/media?parent=393"}],"curies":[{"name":"wp","href":"https:\/\/api.w.org\/{rel}","templated":true}]}}