{"id":450,"date":"2019-06-07T05:43:13","date_gmt":"2019-06-07T05:43:13","guid":{"rendered":"http:\/\/99.80.114.157\/utajordan\/?page_id=450"},"modified":"2023-03-31T15:03:15","modified_gmt":"2023-03-31T15:03:15","slug":"ecotourism","status":"publish","type":"page","link":"https:\/\/www.uta.com.sa\/pt\/ecotourism\/","title":{"rendered":"ECOTURISMO"},"content":{"rendered":"<p>[vc_row css_animation=&#8221;&#8221; row_type=&#8221;row&#8221; use_row_as_full_screen_section=&#8221;no&#8221; type=&#8221;full_width&#8221; angled_section=&#8221;no&#8221; text_align=&#8221;left&#8221; background_image_as_pattern=&#8221;without_pattern&#8221;][vc_column][vc_column_text]<\/p>\n<h2 style=\"text-align: center;\">ECOTURISMO<\/h2>\n<p>[\/vc_column_text][vc_empty_space height=&#8221;20px&#8221;][vc_column_text]A Jord\u00e2nia h\u00e1 muito compreendeu o potencial de suas muitas reservas naturais, todas protegidas pela Sociedade Real para a Conserva\u00e7\u00e3o da Natureza (SRCN).<br \/>\nComo resultado, o ecoturismo come\u00e7ou a florescer na Jord\u00e2nia, com uma s\u00e9rie de pousadas e passeios ecol\u00f3gicos e sustent\u00e1veis que atendem aos visitantes que desejam deixar uma pegada de carbono t\u00e3o pequena quanto poss\u00edvel, enquanto se envolvem com a comunidade local.<\/p>\n<p>&nbsp;<\/p>\n<p>O multipremiado Feynan lodge \u00e9 talvez o mais importante da \u00e1rea e est\u00e1 localizado em um enclave rochoso no sul do pa\u00eds, opera completamente fora da rede e hospeda passeios pela \u00e1rea circundante, incluindo caminhadas at\u00e9 a maravilhosa Reserva Dana \u2013 sobre a qual outra pousada, esta administrada pela pr\u00f3pria RSCN, oferece as melhores vistas de qualquer hotel na Jord\u00e2nia.<\/p>\n<p>&nbsp;<\/p>\n<p>No norte, a \u00c1rea Protegida da Reserva Florestal de Ajloun \u00e9 um o\u00e1sis de \u00e1rvores verdejantes e colinas onduladas, com de experi\u00eancias que oferecem aos visitantes um vislumbre de antigos olivais e projetos de sustentabilidade locais, como a f\u00e1brica de sab\u00e3o natural. Em Azraq, um antigo hospital brit\u00e2nico foi convertido em um alojamento a uma curta dist\u00e2ncia dos p\u00e2ntanos, que \u00e9 um importante ponto de parada entre a Europa e a \u00c1frica para as aves migrat\u00f3rias.[\/vc_column_text][vc_empty_space height=&#8221;50px&#8221;][vc_gallery type=&#8221;image_grid&#8221; images=&#8221;453,454,455,456,457,458&#8243; column_number=&#8221;6&#8243; grayscale=&#8221;no&#8221; images_space=&#8221;gallery_without_space&#8221;][vc_empty_space height=&#8221;50px&#8221;][vc_row_inner row_type=&#8221;row&#8221; type=&#8221;full_width&#8221; text_align=&#8221;center&#8221; css_animation=&#8221;&#8221;][vc_column_inner]<a  itemprop=\"url\" href=\"\/pt\/contact-us\/\" target=\"_self\"  class=\"qbutton  big_large center default\" style=\"\">Contate-nos<\/a>[\/vc_column_inner][\/vc_row_inner][vc_empty_space height=&#8221;50px&#8221;][vc_separator type=&#8221;normal&#8221;][\/vc_column][\/vc_row]<\/p>\n","protected":false},"excerpt":{"rendered":"<p>[vc_row css_animation=&#8221;&#8221; row_type=&#8221;row&#8221; use_row_as_full_screen_section=&#8221;no&#8221; type=&#8221;full_width&#8221; angled_section=&#8221;no&#8221; text_align=&#8221;left&#8221; background_image_as_pattern=&#8221;without_pattern&#8221;][vc_column][vc_column_text] ECOTURISMO [\/vc_column_text][vc_empty_space height=&#8221;20px&#8221;][vc_column_text]A Jord\u00e2nia h\u00e1 muito compreendeu o potencial de suas muitas reservas naturais, todas protegidas pela Sociedade Real para a Conserva\u00e7\u00e3o da Natureza (SRCN). Como resultado, o ecoturismo come\u00e7ou a florescer na Jord\u00e2nia, com uma s\u00e9rie&#8230;<\/p>\n","protected":false},"author":1,"featured_media":0,"parent":0,"menu_order":0,"comment_status":"closed","ping_status":"open","template":"","meta":{"footnotes":""},"class_list":["post-450","page","type-page","status-publish","hentry"],"yoast_head":"<!-- This site is optimized with the Yoast SEO plugin v26.6 - https:\/\/yoast.com\/wordpress\/plugins\/seo\/ -->\n<title>ECOTURISMO - UTA Jordan in Portuguese<\/title>\n<meta name=\"robots\" content=\"index, follow, max-snippet:-1, max-image-preview:large, max-video-preview:-1\" \/>\n<link rel=\"canonical\" href=\"https:\/\/www.uta.com.sa\/pt\/ecotourism\/\" \/>\n<meta property=\"og:locale\" content=\"en_US\" \/>\n<meta property=\"og:type\" content=\"article\" \/>\n<meta property=\"og:title\" content=\"ECOTURISMO - UTA Jordan in Portuguese\" \/>\n<meta property=\"og:description\" content=\"[vc_row css_animation=&#8221;&#8221; row_type=&#8221;row&#8221; use_row_as_full_screen_section=&#8221;no&#8221; type=&#8221;full_width&#8221; angled_section=&#8221;no&#8221; text_align=&#8221;left&#8221; background_image_as_pattern=&#8221;without_pattern&#8221;][vc_column][vc_column_text] ECOTURISMO [\/vc_column_text][vc_empty_space height=&#8221;20px&#8221;][vc_column_text]A Jord\u00e2nia h\u00e1 muito compreendeu o potencial de suas muitas reservas naturais, todas protegidas pela Sociedade Real para a Conserva\u00e7\u00e3o da Natureza (SRCN). Como resultado, o ecoturismo come\u00e7ou a florescer na Jord\u00e2nia, com uma s\u00e9rie...\" \/>\n<meta property=\"og:url\" content=\"https:\/\/www.uta.com.sa\/pt\/ecotourism\/\" \/>\n<meta property=\"og:site_name\" content=\"UTA Jordan in Portuguese\" \/>\n<meta property=\"article:modified_time\" content=\"2023-03-31T15:03:15+00:00\" \/>\n<meta name=\"twitter:card\" content=\"summary_large_image\" \/>\n<meta name=\"twitter:label1\" content=\"Est. reading time\" \/>\n\t<meta name=\"twitter:data1\" content=\"2 minutes\" \/>\n<script type=\"application\/ld+json\" class=\"yoast-schema-graph\">{\"@context\":\"https:\/\/schema.org\",\"@graph\":[{\"@type\":\"WebPage\",\"@id\":\"https:\/\/www.uta.com.sa\/pt\/ecotourism\/\",\"url\":\"https:\/\/www.uta.com.sa\/pt\/ecotourism\/\",\"name\":\"ECOTURISMO - UTA Jordan in Portuguese\",\"isPartOf\":{\"@id\":\"https:\/\/www.uta.com.sa\/pt\/#website\"},\"datePublished\":\"2019-06-07T05:43:13+00:00\",\"dateModified\":\"2023-03-31T15:03:15+00:00\",\"breadcrumb\":{\"@id\":\"https:\/\/www.uta.com.sa\/pt\/ecotourism\/#breadcrumb\"},\"inLanguage\":\"en-US\",\"potentialAction\":[{\"@type\":\"ReadAction\",\"target\":[\"https:\/\/www.uta.com.sa\/pt\/ecotourism\/\"]}]},{\"@type\":\"BreadcrumbList\",\"@id\":\"https:\/\/www.uta.com.sa\/pt\/ecotourism\/#breadcrumb\",\"itemListElement\":[{\"@type\":\"ListItem\",\"position\":1,\"name\":\"Home\",\"item\":\"https:\/\/www.uta.com.sa\/pt\/\"},{\"@type\":\"ListItem\",\"position\":2,\"name\":\"ECOTURISMO\"}]},{\"@type\":\"WebSite\",\"@id\":\"https:\/\/www.uta.com.sa\/pt\/#website\",\"url\":\"https:\/\/www.uta.com.sa\/pt\/\",\"name\":\"UTA Jordan in Portuguese\",\"description\":\"Explore Jordan\",\"potentialAction\":[{\"@type\":\"SearchAction\",\"target\":{\"@type\":\"EntryPoint\",\"urlTemplate\":\"https:\/\/www.uta.com.sa\/pt\/?s={search_term_string}\"},\"query-input\":{\"@type\":\"PropertyValueSpecification\",\"valueRequired\":true,\"valueName\":\"search_term_string\"}}],\"inLanguage\":\"en-US\"}]}<\/script>\n<!-- \/ Yoast SEO plugin. -->","yoast_head_json":{"title":"ECOTURISMO - UTA Jordan in Portuguese","robots":{"index":"index","follow":"follow","max-snippet":"max-snippet:-1","max-image-preview":"max-image-preview:large","max-video-preview":"max-video-preview:-1"},"canonical":"https:\/\/www.uta.com.sa\/pt\/ecotourism\/","og_locale":"en_US","og_type":"article","og_title":"ECOTURISMO - UTA Jordan in Portuguese","og_description":"[vc_row css_animation=&#8221;&#8221; row_type=&#8221;row&#8221; use_row_as_full_screen_section=&#8221;no&#8221; type=&#8221;full_width&#8221; angled_section=&#8221;no&#8221; text_align=&#8221;left&#8221; background_image_as_pattern=&#8221;without_pattern&#8221;][vc_column][vc_column_text] ECOTURISMO [\/vc_column_text][vc_empty_space height=&#8221;20px&#8221;][vc_column_text]A Jord\u00e2nia h\u00e1 muito compreendeu o potencial de suas muitas reservas naturais, todas protegidas pela Sociedade Real para a Conserva\u00e7\u00e3o da Natureza (SRCN). Como resultado, o ecoturismo come\u00e7ou a florescer na Jord\u00e2nia, com uma s\u00e9rie...","og_url":"https:\/\/www.uta.com.sa\/pt\/ecotourism\/","og_site_name":"UTA Jordan in Portuguese","article_modified_time":"2023-03-31T15:03:15+00:00","twitter_card":"summary_large_image","twitter_misc":{"Est. reading time":"2 minutes"},"schema":{"@context":"https:\/\/schema.org","@graph":[{"@type":"WebPage","@id":"https:\/\/www.uta.com.sa\/pt\/ecotourism\/","url":"https:\/\/www.uta.com.sa\/pt\/ecotourism\/","name":"ECOTURISMO - UTA Jordan in Portuguese","isPartOf":{"@id":"https:\/\/www.uta.com.sa\/pt\/#website"},"datePublished":"2019-06-07T05:43:13+00:00","dateModified":"2023-03-31T15:03:15+00:00","breadcrumb":{"@id":"https:\/\/www.uta.com.sa\/pt\/ecotourism\/#breadcrumb"},"inLanguage":"en-US","potentialAction":[{"@type":"ReadAction","target":["https:\/\/www.uta.com.sa\/pt\/ecotourism\/"]}]},{"@type":"BreadcrumbList","@id":"https:\/\/www.uta.com.sa\/pt\/ecotourism\/#breadcrumb","itemListElement":[{"@type":"ListItem","position":1,"name":"Home","item":"https:\/\/www.uta.com.sa\/pt\/"},{"@type":"ListItem","position":2,"name":"ECOTURISMO"}]},{"@type":"WebSite","@id":"https:\/\/www.uta.com.sa\/pt\/#website","url":"https:\/\/www.uta.com.sa\/pt\/","name":"UTA Jordan in Portuguese","description":"Explore Jordan","potentialAction":[{"@type":"SearchAction","target":{"@type":"EntryPoint","urlTemplate":"https:\/\/www.uta.com.sa\/pt\/?s={search_term_string}"},"query-input":{"@type":"PropertyValueSpecification","valueRequired":true,"valueName":"search_term_string"}}],"inLanguage":"en-US"}]}},"_links":{"self":[{"href":"https:\/\/www.uta.com.sa\/pt\/wp-json\/wp\/v2\/pages\/450","targetHints":{"allow":["GET"]}}],"collection":[{"href":"https:\/\/www.uta.com.sa\/pt\/wp-json\/wp\/v2\/pages"}],"about":[{"href":"https:\/\/www.uta.com.sa\/pt\/wp-json\/wp\/v2\/types\/page"}],"author":[{"embeddable":true,"href":"https:\/\/www.uta.com.sa\/pt\/wp-json\/wp\/v2\/users\/1"}],"replies":[{"embeddable":true,"href":"https:\/\/www.uta.com.sa\/pt\/wp-json\/wp\/v2\/comments?post=450"}],"version-history":[{"count":0,"href":"https:\/\/www.uta.com.sa\/pt\/wp-json\/wp\/v2\/pages\/450\/revisions"}],"wp:attachment":[{"href":"https:\/\/www.uta.com.sa\/pt\/wp-json\/wp\/v2\/media?parent=450"}],"curies":[{"name":"wp","href":"https:\/\/api.w.org\/{rel}","templated":true}]}}