{"id":461,"date":"2019-06-07T06:45:18","date_gmt":"2019-06-07T06:45:18","guid":{"rendered":"http:\/\/99.80.114.157\/utajordan\/?page_id=461"},"modified":"2023-03-31T15:06:37","modified_gmt":"2023-03-31T15:06:37","slug":"religious","status":"publish","type":"page","link":"https:\/\/www.uta.com.sa\/pt\/religious\/","title":{"rendered":"RELIGIOSO"},"content":{"rendered":"<p>[vc_row css_animation=&#8221;&#8221; row_type=&#8221;row&#8221; use_row_as_full_screen_section=&#8221;no&#8221; type=&#8221;full_width&#8221; angled_section=&#8221;no&#8221; text_align=&#8221;left&#8221; background_image_as_pattern=&#8221;without_pattern&#8221;][vc_column][vc_column_text]<\/p>\n<h2 style=\"text-align: center;\">RELIGIOSO<\/h2>\n<p>[\/vc_column_text][vc_empty_space height=&#8221;20px&#8221;][vc_column_text]A Jord\u00e2nia est\u00e1 localizada na Terra Santa e \u00e9 atravessada por locais registrados no Antigo e Novo Testamento da B\u00edblia e se\u00e7\u00f5es do Alcor\u00e3o. j\u00e1 que a Jord\u00e2nia tem sido uma porta de entrada para os peregrinos ao longo dos s\u00e9culos.<\/p>\n<p>&nbsp;<\/p>\n<p>A UTA pode fornecer pacotes tur\u00edsticos religiosos que permitem aos visitantes conhecer a Bet\u00e2nia no Rio Jord\u00e3o, o local do batismo de Jesus, o Monte Nebo, de onde a terra prometida foi revelada a Mois\u00e9s, e lugares como Umm Qais, a b\u00edblica Guemar\u00e1, onde Jesus foi dito que realizava o milagre dos porcos, quando expulsava dem\u00f4nios de dois homens locais. Outros locais b\u00edblicos incluem o maravilhoso Maquero, onde Salom\u00e9 dan\u00e7ou para o Rei Herodes, e a Caverna de Lot, que era um lugar de ref\u00fagio para o sobrinho de Abra\u00e3o.[\/vc_column_text][vc_empty_space height=&#8221;50px&#8221;][vc_gallery type=&#8221;image_grid&#8221; images=&#8221;465,466,467,468,469,470&#8243; column_number=&#8221;6&#8243; grayscale=&#8221;no&#8221; images_space=&#8221;gallery_without_space&#8221;][vc_empty_space height=&#8221;50px&#8221;][vc_row_inner row_type=&#8221;row&#8221; type=&#8221;full_width&#8221; text_align=&#8221;center&#8221; css_animation=&#8221;&#8221;][vc_column_inner]<a  itemprop=\"url\" href=\"\/pt\/contact-us\/\" target=\"_self\"  class=\"qbutton  big_large center default\" style=\"\">Contate-nos<\/a>[\/vc_column_inner][\/vc_row_inner][vc_empty_space height=&#8221;50px&#8221;][vc_separator type=&#8221;normal&#8221;][\/vc_column][\/vc_row]<\/p>\n","protected":false},"excerpt":{"rendered":"<p>[vc_row css_animation=&#8221;&#8221; row_type=&#8221;row&#8221; use_row_as_full_screen_section=&#8221;no&#8221; type=&#8221;full_width&#8221; angled_section=&#8221;no&#8221; text_align=&#8221;left&#8221; background_image_as_pattern=&#8221;without_pattern&#8221;][vc_column][vc_column_text] RELIGIOSO [\/vc_column_text][vc_empty_space height=&#8221;20px&#8221;][vc_column_text]A Jord\u00e2nia est\u00e1 localizada na Terra Santa e \u00e9 atravessada por locais registrados no Antigo e Novo Testamento da B\u00edblia e se\u00e7\u00f5es do Alcor\u00e3o. j\u00e1 que a Jord\u00e2nia tem sido uma porta de entrada para&#8230;<\/p>\n","protected":false},"author":1,"featured_media":0,"parent":0,"menu_order":0,"comment_status":"closed","ping_status":"open","template":"","meta":{"footnotes":""},"class_list":["post-461","page","type-page","status-publish","hentry"],"yoast_head":"<!-- This site is optimized with the Yoast SEO plugin v26.6 - https:\/\/yoast.com\/wordpress\/plugins\/seo\/ -->\n<title>RELIGIOSO - UTA Jordan in Portuguese<\/title>\n<meta name=\"robots\" content=\"index, follow, max-snippet:-1, max-image-preview:large, max-video-preview:-1\" \/>\n<link rel=\"canonical\" href=\"https:\/\/www.uta.com.sa\/pt\/religious\/\" \/>\n<meta property=\"og:locale\" content=\"en_US\" \/>\n<meta property=\"og:type\" content=\"article\" \/>\n<meta property=\"og:title\" content=\"RELIGIOSO - UTA Jordan in Portuguese\" \/>\n<meta property=\"og:description\" content=\"[vc_row css_animation=&#8221;&#8221; row_type=&#8221;row&#8221; use_row_as_full_screen_section=&#8221;no&#8221; type=&#8221;full_width&#8221; angled_section=&#8221;no&#8221; text_align=&#8221;left&#8221; background_image_as_pattern=&#8221;without_pattern&#8221;][vc_column][vc_column_text] RELIGIOSO [\/vc_column_text][vc_empty_space height=&#8221;20px&#8221;][vc_column_text]A Jord\u00e2nia est\u00e1 localizada na Terra Santa e \u00e9 atravessada por locais registrados no Antigo e Novo Testamento da B\u00edblia e se\u00e7\u00f5es do Alcor\u00e3o. j\u00e1 que a Jord\u00e2nia tem sido uma porta de entrada para...\" \/>\n<meta property=\"og:url\" content=\"https:\/\/www.uta.com.sa\/pt\/religious\/\" \/>\n<meta property=\"og:site_name\" content=\"UTA Jordan in Portuguese\" \/>\n<meta property=\"article:modified_time\" content=\"2023-03-31T15:06:37+00:00\" \/>\n<meta name=\"twitter:card\" content=\"summary_large_image\" \/>\n<meta name=\"twitter:label1\" content=\"Est. reading time\" \/>\n\t<meta name=\"twitter:data1\" content=\"1 minute\" \/>\n<script type=\"application\/ld+json\" class=\"yoast-schema-graph\">{\"@context\":\"https:\/\/schema.org\",\"@graph\":[{\"@type\":\"WebPage\",\"@id\":\"https:\/\/www.uta.com.sa\/pt\/religious\/\",\"url\":\"https:\/\/www.uta.com.sa\/pt\/religious\/\",\"name\":\"RELIGIOSO - UTA Jordan in Portuguese\",\"isPartOf\":{\"@id\":\"https:\/\/www.uta.com.sa\/pt\/#website\"},\"datePublished\":\"2019-06-07T06:45:18+00:00\",\"dateModified\":\"2023-03-31T15:06:37+00:00\",\"breadcrumb\":{\"@id\":\"https:\/\/www.uta.com.sa\/pt\/religious\/#breadcrumb\"},\"inLanguage\":\"en-US\",\"potentialAction\":[{\"@type\":\"ReadAction\",\"target\":[\"https:\/\/www.uta.com.sa\/pt\/religious\/\"]}]},{\"@type\":\"BreadcrumbList\",\"@id\":\"https:\/\/www.uta.com.sa\/pt\/religious\/#breadcrumb\",\"itemListElement\":[{\"@type\":\"ListItem\",\"position\":1,\"name\":\"Home\",\"item\":\"https:\/\/www.uta.com.sa\/pt\/\"},{\"@type\":\"ListItem\",\"position\":2,\"name\":\"RELIGIOSO\"}]},{\"@type\":\"WebSite\",\"@id\":\"https:\/\/www.uta.com.sa\/pt\/#website\",\"url\":\"https:\/\/www.uta.com.sa\/pt\/\",\"name\":\"UTA Jordan in Portuguese\",\"description\":\"Explore Jordan\",\"potentialAction\":[{\"@type\":\"SearchAction\",\"target\":{\"@type\":\"EntryPoint\",\"urlTemplate\":\"https:\/\/www.uta.com.sa\/pt\/?s={search_term_string}\"},\"query-input\":{\"@type\":\"PropertyValueSpecification\",\"valueRequired\":true,\"valueName\":\"search_term_string\"}}],\"inLanguage\":\"en-US\"}]}<\/script>\n<!-- \/ Yoast SEO plugin. -->","yoast_head_json":{"title":"RELIGIOSO - UTA Jordan in Portuguese","robots":{"index":"index","follow":"follow","max-snippet":"max-snippet:-1","max-image-preview":"max-image-preview:large","max-video-preview":"max-video-preview:-1"},"canonical":"https:\/\/www.uta.com.sa\/pt\/religious\/","og_locale":"en_US","og_type":"article","og_title":"RELIGIOSO - UTA Jordan in Portuguese","og_description":"[vc_row css_animation=&#8221;&#8221; row_type=&#8221;row&#8221; use_row_as_full_screen_section=&#8221;no&#8221; type=&#8221;full_width&#8221; angled_section=&#8221;no&#8221; text_align=&#8221;left&#8221; background_image_as_pattern=&#8221;without_pattern&#8221;][vc_column][vc_column_text] RELIGIOSO [\/vc_column_text][vc_empty_space height=&#8221;20px&#8221;][vc_column_text]A Jord\u00e2nia est\u00e1 localizada na Terra Santa e \u00e9 atravessada por locais registrados no Antigo e Novo Testamento da B\u00edblia e se\u00e7\u00f5es do Alcor\u00e3o. j\u00e1 que a Jord\u00e2nia tem sido uma porta de entrada para...","og_url":"https:\/\/www.uta.com.sa\/pt\/religious\/","og_site_name":"UTA Jordan in Portuguese","article_modified_time":"2023-03-31T15:06:37+00:00","twitter_card":"summary_large_image","twitter_misc":{"Est. reading time":"1 minute"},"schema":{"@context":"https:\/\/schema.org","@graph":[{"@type":"WebPage","@id":"https:\/\/www.uta.com.sa\/pt\/religious\/","url":"https:\/\/www.uta.com.sa\/pt\/religious\/","name":"RELIGIOSO - UTA Jordan in Portuguese","isPartOf":{"@id":"https:\/\/www.uta.com.sa\/pt\/#website"},"datePublished":"2019-06-07T06:45:18+00:00","dateModified":"2023-03-31T15:06:37+00:00","breadcrumb":{"@id":"https:\/\/www.uta.com.sa\/pt\/religious\/#breadcrumb"},"inLanguage":"en-US","potentialAction":[{"@type":"ReadAction","target":["https:\/\/www.uta.com.sa\/pt\/religious\/"]}]},{"@type":"BreadcrumbList","@id":"https:\/\/www.uta.com.sa\/pt\/religious\/#breadcrumb","itemListElement":[{"@type":"ListItem","position":1,"name":"Home","item":"https:\/\/www.uta.com.sa\/pt\/"},{"@type":"ListItem","position":2,"name":"RELIGIOSO"}]},{"@type":"WebSite","@id":"https:\/\/www.uta.com.sa\/pt\/#website","url":"https:\/\/www.uta.com.sa\/pt\/","name":"UTA Jordan in Portuguese","description":"Explore Jordan","potentialAction":[{"@type":"SearchAction","target":{"@type":"EntryPoint","urlTemplate":"https:\/\/www.uta.com.sa\/pt\/?s={search_term_string}"},"query-input":{"@type":"PropertyValueSpecification","valueRequired":true,"valueName":"search_term_string"}}],"inLanguage":"en-US"}]}},"_links":{"self":[{"href":"https:\/\/www.uta.com.sa\/pt\/wp-json\/wp\/v2\/pages\/461","targetHints":{"allow":["GET"]}}],"collection":[{"href":"https:\/\/www.uta.com.sa\/pt\/wp-json\/wp\/v2\/pages"}],"about":[{"href":"https:\/\/www.uta.com.sa\/pt\/wp-json\/wp\/v2\/types\/page"}],"author":[{"embeddable":true,"href":"https:\/\/www.uta.com.sa\/pt\/wp-json\/wp\/v2\/users\/1"}],"replies":[{"embeddable":true,"href":"https:\/\/www.uta.com.sa\/pt\/wp-json\/wp\/v2\/comments?post=461"}],"version-history":[{"count":0,"href":"https:\/\/www.uta.com.sa\/pt\/wp-json\/wp\/v2\/pages\/461\/revisions"}],"wp:attachment":[{"href":"https:\/\/www.uta.com.sa\/pt\/wp-json\/wp\/v2\/media?parent=461"}],"curies":[{"name":"wp","href":"https:\/\/api.w.org\/{rel}","templated":true}]}}