{"id":472,"date":"2019-06-07T07:43:58","date_gmt":"2019-06-07T07:43:58","guid":{"rendered":"http:\/\/99.80.114.157\/utajordan\/?page_id=472"},"modified":"2023-03-31T15:09:01","modified_gmt":"2023-03-31T15:09:01","slug":"medical-wellness","status":"publish","type":"page","link":"https:\/\/www.uta.com.sa\/pt\/medical-wellness\/","title":{"rendered":"MEDICINA E BEM-ESTAR"},"content":{"rendered":"<p>[vc_row css_animation=&#8221;&#8221; row_type=&#8221;row&#8221; use_row_as_full_screen_section=&#8221;no&#8221; type=&#8221;full_width&#8221; angled_section=&#8221;no&#8221; text_align=&#8221;left&#8221; background_image_as_pattern=&#8221;without_pattern&#8221;][vc_column][vc_column_text]<\/p>\n<h2 style=\"text-align: center;\">MEDICINA E BEM-ESTAR<\/h2>\n<p>[\/vc_column_text][vc_empty_space height=&#8221;20px&#8221;][vc_column_text]A Jord\u00e2nia abriga uma s\u00e9rie de locais terap\u00eauticos naturais que atraem muitos viajantes que buscam as propriedades ben\u00e9ficas para a sa\u00fade que eles cont\u00eam.<br \/>\nO Mar Morto est\u00e1 localizado no ponto mais baixo da terra, no extremo norte do Grande Vale do Rift, encontra-se o lago rico em sal \u00e9 um lugar para relaxamento e rejuvenescimento, sua salinidade de 30% permite que os banhistas flutuem em sua superf\u00edcie com um meditativo flutuabilidade e conforto, mas a abund\u00e2ncia de minerais ricos, como brometo, s\u00f3dio e magn\u00e9sio, o torna um \u00edm\u00e3 para qualquer pessoa com uma variedade de problemas de pele, como psor\u00edase. Esta \u00e1rea popular est\u00e1 repleta de resorts e spas de cinco estrelas que oferecem uma sele\u00e7\u00e3o abundante de tratamentos.<\/p>\n<p>&nbsp;<\/p>\n<p>Outra das maravilhas naturais da Jord\u00e2nia \u00e9 a vizinha fontes termais de Ma&#8217;in, que abriga uma sele\u00e7\u00e3o de cachoeiras termais ricas em minerais cujas \u00e1guas quentes fornecem uma mensagem instant\u00e2nea. As cavernas nas colinas tamb\u00e9m servem como excelentes saunas.<\/p>\n<p>&nbsp;<\/p>\n<p>Para tratamentos mais cl\u00ednicos, a Jord\u00e2nia tamb\u00e9m \u00e9 l\u00edder no campo do turismo m\u00e9dico, com muitas instala\u00e7\u00f5es m\u00e9dicas de padr\u00e3o global UTA ajuda os viajantes que procuram um retiro de bem-estar, bem como pacientes que necessitam de servi\u00e7os e cuidados mais especializados. UTA est\u00e1 bem equipada com o conhecimento de instala\u00e7\u00f5es especializadas, como hospitais, cl\u00ednicas e centros de treinamento para atender melhor \u00e0s necessidades e exig\u00eancias dos pacientes.[\/vc_column_text][vc_empty_space height=&#8221;50px&#8221;][vc_gallery type=&#8221;image_grid&#8221; images=&#8221;478,474,477,479,475,476&#8243; column_number=&#8221;6&#8243; grayscale=&#8221;no&#8221; images_space=&#8221;gallery_without_space&#8221;][vc_empty_space height=&#8221;50px&#8221;][vc_row_inner row_type=&#8221;row&#8221; type=&#8221;full_width&#8221; text_align=&#8221;center&#8221; css_animation=&#8221;&#8221;][vc_column_inner]<a  itemprop=\"url\" href=\"\/pt\/contact-us\/\" target=\"_self\"  class=\"qbutton  big_large center default\" style=\"\">Contate-nos<\/a>[\/vc_column_inner][\/vc_row_inner][vc_empty_space height=&#8221;50px&#8221;][vc_separator type=&#8221;normal&#8221;][\/vc_column][\/vc_row]<\/p>\n","protected":false},"excerpt":{"rendered":"<p>[vc_row css_animation=&#8221;&#8221; row_type=&#8221;row&#8221; use_row_as_full_screen_section=&#8221;no&#8221; type=&#8221;full_width&#8221; angled_section=&#8221;no&#8221; text_align=&#8221;left&#8221; background_image_as_pattern=&#8221;without_pattern&#8221;][vc_column][vc_column_text] MEDICINA E BEM-ESTAR [\/vc_column_text][vc_empty_space height=&#8221;20px&#8221;][vc_column_text]A Jord\u00e2nia abriga uma s\u00e9rie de locais terap\u00eauticos naturais que atraem muitos viajantes que buscam as propriedades ben\u00e9ficas para a sa\u00fade que eles cont\u00eam. O Mar Morto est\u00e1 localizado no ponto mais baixo&#8230;<\/p>\n","protected":false},"author":1,"featured_media":0,"parent":0,"menu_order":0,"comment_status":"closed","ping_status":"open","template":"","meta":{"footnotes":""},"class_list":["post-472","page","type-page","status-publish","hentry"],"yoast_head":"<!-- This site is optimized with the Yoast SEO plugin v26.6 - https:\/\/yoast.com\/wordpress\/plugins\/seo\/ -->\n<title>MEDICINA E BEM-ESTAR - UTA Jordan in Portuguese<\/title>\n<meta name=\"robots\" content=\"index, follow, max-snippet:-1, max-image-preview:large, max-video-preview:-1\" \/>\n<link rel=\"canonical\" href=\"https:\/\/www.uta.com.sa\/pt\/medical-wellness\/\" \/>\n<meta property=\"og:locale\" content=\"en_US\" \/>\n<meta property=\"og:type\" content=\"article\" \/>\n<meta property=\"og:title\" content=\"MEDICINA E BEM-ESTAR - UTA Jordan in Portuguese\" \/>\n<meta property=\"og:description\" content=\"[vc_row css_animation=&#8221;&#8221; row_type=&#8221;row&#8221; use_row_as_full_screen_section=&#8221;no&#8221; type=&#8221;full_width&#8221; angled_section=&#8221;no&#8221; text_align=&#8221;left&#8221; background_image_as_pattern=&#8221;without_pattern&#8221;][vc_column][vc_column_text] MEDICINA E BEM-ESTAR [\/vc_column_text][vc_empty_space height=&#8221;20px&#8221;][vc_column_text]A Jord\u00e2nia abriga uma s\u00e9rie de locais terap\u00eauticos naturais que atraem muitos viajantes que buscam as propriedades ben\u00e9ficas para a sa\u00fade que eles cont\u00eam. O Mar Morto est\u00e1 localizado no ponto mais baixo...\" \/>\n<meta property=\"og:url\" content=\"https:\/\/www.uta.com.sa\/pt\/medical-wellness\/\" \/>\n<meta property=\"og:site_name\" content=\"UTA Jordan in Portuguese\" \/>\n<meta property=\"article:modified_time\" content=\"2023-03-31T15:09:01+00:00\" \/>\n<meta name=\"twitter:card\" content=\"summary_large_image\" \/>\n<meta name=\"twitter:label1\" content=\"Est. reading time\" \/>\n\t<meta name=\"twitter:data1\" content=\"2 minutes\" \/>\n<script type=\"application\/ld+json\" class=\"yoast-schema-graph\">{\"@context\":\"https:\/\/schema.org\",\"@graph\":[{\"@type\":\"WebPage\",\"@id\":\"https:\/\/www.uta.com.sa\/pt\/medical-wellness\/\",\"url\":\"https:\/\/www.uta.com.sa\/pt\/medical-wellness\/\",\"name\":\"MEDICINA E BEM-ESTAR - UTA Jordan in Portuguese\",\"isPartOf\":{\"@id\":\"https:\/\/www.uta.com.sa\/pt\/#website\"},\"datePublished\":\"2019-06-07T07:43:58+00:00\",\"dateModified\":\"2023-03-31T15:09:01+00:00\",\"breadcrumb\":{\"@id\":\"https:\/\/www.uta.com.sa\/pt\/medical-wellness\/#breadcrumb\"},\"inLanguage\":\"en-US\",\"potentialAction\":[{\"@type\":\"ReadAction\",\"target\":[\"https:\/\/www.uta.com.sa\/pt\/medical-wellness\/\"]}]},{\"@type\":\"BreadcrumbList\",\"@id\":\"https:\/\/www.uta.com.sa\/pt\/medical-wellness\/#breadcrumb\",\"itemListElement\":[{\"@type\":\"ListItem\",\"position\":1,\"name\":\"Home\",\"item\":\"https:\/\/www.uta.com.sa\/pt\/\"},{\"@type\":\"ListItem\",\"position\":2,\"name\":\"MEDICINA E BEM-ESTAR\"}]},{\"@type\":\"WebSite\",\"@id\":\"https:\/\/www.uta.com.sa\/pt\/#website\",\"url\":\"https:\/\/www.uta.com.sa\/pt\/\",\"name\":\"UTA Jordan in Portuguese\",\"description\":\"Explore Jordan\",\"potentialAction\":[{\"@type\":\"SearchAction\",\"target\":{\"@type\":\"EntryPoint\",\"urlTemplate\":\"https:\/\/www.uta.com.sa\/pt\/?s={search_term_string}\"},\"query-input\":{\"@type\":\"PropertyValueSpecification\",\"valueRequired\":true,\"valueName\":\"search_term_string\"}}],\"inLanguage\":\"en-US\"}]}<\/script>\n<!-- \/ Yoast SEO plugin. -->","yoast_head_json":{"title":"MEDICINA E BEM-ESTAR - UTA Jordan in Portuguese","robots":{"index":"index","follow":"follow","max-snippet":"max-snippet:-1","max-image-preview":"max-image-preview:large","max-video-preview":"max-video-preview:-1"},"canonical":"https:\/\/www.uta.com.sa\/pt\/medical-wellness\/","og_locale":"en_US","og_type":"article","og_title":"MEDICINA E BEM-ESTAR - UTA Jordan in Portuguese","og_description":"[vc_row css_animation=&#8221;&#8221; row_type=&#8221;row&#8221; use_row_as_full_screen_section=&#8221;no&#8221; type=&#8221;full_width&#8221; angled_section=&#8221;no&#8221; text_align=&#8221;left&#8221; background_image_as_pattern=&#8221;without_pattern&#8221;][vc_column][vc_column_text] MEDICINA E BEM-ESTAR [\/vc_column_text][vc_empty_space height=&#8221;20px&#8221;][vc_column_text]A Jord\u00e2nia abriga uma s\u00e9rie de locais terap\u00eauticos naturais que atraem muitos viajantes que buscam as propriedades ben\u00e9ficas para a sa\u00fade que eles cont\u00eam. O Mar Morto est\u00e1 localizado no ponto mais baixo...","og_url":"https:\/\/www.uta.com.sa\/pt\/medical-wellness\/","og_site_name":"UTA Jordan in Portuguese","article_modified_time":"2023-03-31T15:09:01+00:00","twitter_card":"summary_large_image","twitter_misc":{"Est. reading time":"2 minutes"},"schema":{"@context":"https:\/\/schema.org","@graph":[{"@type":"WebPage","@id":"https:\/\/www.uta.com.sa\/pt\/medical-wellness\/","url":"https:\/\/www.uta.com.sa\/pt\/medical-wellness\/","name":"MEDICINA E BEM-ESTAR - UTA Jordan in Portuguese","isPartOf":{"@id":"https:\/\/www.uta.com.sa\/pt\/#website"},"datePublished":"2019-06-07T07:43:58+00:00","dateModified":"2023-03-31T15:09:01+00:00","breadcrumb":{"@id":"https:\/\/www.uta.com.sa\/pt\/medical-wellness\/#breadcrumb"},"inLanguage":"en-US","potentialAction":[{"@type":"ReadAction","target":["https:\/\/www.uta.com.sa\/pt\/medical-wellness\/"]}]},{"@type":"BreadcrumbList","@id":"https:\/\/www.uta.com.sa\/pt\/medical-wellness\/#breadcrumb","itemListElement":[{"@type":"ListItem","position":1,"name":"Home","item":"https:\/\/www.uta.com.sa\/pt\/"},{"@type":"ListItem","position":2,"name":"MEDICINA E BEM-ESTAR"}]},{"@type":"WebSite","@id":"https:\/\/www.uta.com.sa\/pt\/#website","url":"https:\/\/www.uta.com.sa\/pt\/","name":"UTA Jordan in Portuguese","description":"Explore Jordan","potentialAction":[{"@type":"SearchAction","target":{"@type":"EntryPoint","urlTemplate":"https:\/\/www.uta.com.sa\/pt\/?s={search_term_string}"},"query-input":{"@type":"PropertyValueSpecification","valueRequired":true,"valueName":"search_term_string"}}],"inLanguage":"en-US"}]}},"_links":{"self":[{"href":"https:\/\/www.uta.com.sa\/pt\/wp-json\/wp\/v2\/pages\/472","targetHints":{"allow":["GET"]}}],"collection":[{"href":"https:\/\/www.uta.com.sa\/pt\/wp-json\/wp\/v2\/pages"}],"about":[{"href":"https:\/\/www.uta.com.sa\/pt\/wp-json\/wp\/v2\/types\/page"}],"author":[{"embeddable":true,"href":"https:\/\/www.uta.com.sa\/pt\/wp-json\/wp\/v2\/users\/1"}],"replies":[{"embeddable":true,"href":"https:\/\/www.uta.com.sa\/pt\/wp-json\/wp\/v2\/comments?post=472"}],"version-history":[{"count":0,"href":"https:\/\/www.uta.com.sa\/pt\/wp-json\/wp\/v2\/pages\/472\/revisions"}],"wp:attachment":[{"href":"https:\/\/www.uta.com.sa\/pt\/wp-json\/wp\/v2\/media?parent=472"}],"curies":[{"name":"wp","href":"https:\/\/api.w.org\/{rel}","templated":true}]}}