{"id":494,"date":"2019-06-07T09:03:27","date_gmt":"2019-06-07T09:03:27","guid":{"rendered":"http:\/\/99.80.114.157\/utajordan\/?page_id=494"},"modified":"2023-03-31T15:12:39","modified_gmt":"2023-03-31T15:12:39","slug":"culinary","status":"publish","type":"page","link":"https:\/\/www.uta.com.sa\/pt\/culinary\/","title":{"rendered":"CULIN\u00c1RIA"},"content":{"rendered":"<p>[vc_row css_animation=&#8221;&#8221; row_type=&#8221;row&#8221; use_row_as_full_screen_section=&#8221;no&#8221; type=&#8221;full_width&#8221; angled_section=&#8221;no&#8221; text_align=&#8221;left&#8221; background_image_as_pattern=&#8221;without_pattern&#8221;][vc_column][vc_column_text]<\/p>\n<h2 style=\"text-align: center;\">CULIN\u00c1RIA<\/h2>\n<p>[\/vc_column_text][vc_empty_space height=&#8221;20px&#8221;][vc_column_text]A lend\u00e1ria hospitalidade da Jord\u00e2nia e a deliciosa gastronom\u00eda de influ\u00eancia mediterr\u00e2nea criam o local ideal para deliciosas aventuras gastron\u00f4micas. UTA oferece passeios a p\u00e9 pela movimentada \u00e1rea do centro de Am\u00e3, onde moradores e visitantes caminham por ruas cheias de aromas para provar o famoso restaurante Hachem. At\u00e9 mesmo a fam\u00edlia real local foi vista jantando neste restaurante humilde e popular que oferece pratos b\u00e1sicos da Jord\u00e2nia, como hummus, falafel e foul, todos servidos com p\u00e3o fresco quente e um copo de ch\u00e1 de menta. O passeio a p\u00e9 tamb\u00e9m inclui visitas \u00e0s abundantes lojas de especiarias com uma descri\u00e7\u00e3o das v\u00e1rias ervas e especiarias usadas na prepara\u00e7\u00e3o de pratos locais. A aut\u00eantica cena gastron\u00f4mica nesta \u00e1rea \u00e9 puro sabor despojado de qualquer fachada pretensiosa.<\/p>\n<p>&nbsp;<\/p>\n<p>Para quem deseja conhecer os segredos da culin\u00e1ria jordaniana, a UTA pode organizar aulas nos restaurantes Beit Sitti, Hikayet Sitti em Madaba, Cozinha de Petra e Kan Zaman, onde os h\u00f3spedes podem preparar pratos ao lado de renomados chefs locais. Podemos ainda organizar, mediante pedido, uma refei\u00e7\u00e3o preparada e servida na cozinha de v\u00e1rios hot\u00e9is de cinco estrelas onde os h\u00f3spedes participam na sua prepara\u00e7\u00e3o.<\/p>\n<p>&nbsp;<\/p>\n<p>Finalmente, para os apreciadores de vinho, a UTA pode visitar uma das vin\u00edcolas em expans\u00e3o da Jord\u00e2nia no norte do pa\u00eds ou suas lojas de vinhos em Am\u00e3. O jantar privado com degusta\u00e7\u00e3o de vinhos pode ser degustado em ambos.[\/vc_column_text][vc_empty_space height=&#8221;50px&#8221;][vc_gallery type=&#8221;image_grid&#8221; images=&#8221;499,500,501,502,503,504&#8243; column_number=&#8221;6&#8243; grayscale=&#8221;no&#8221; images_space=&#8221;gallery_without_space&#8221;][vc_empty_space height=&#8221;50px&#8221;][vc_row_inner row_type=&#8221;row&#8221; type=&#8221;full_width&#8221; text_align=&#8221;center&#8221; css_animation=&#8221;&#8221;][vc_column_inner]<a  itemprop=\"url\" href=\"\/pt\/contact-us\/\" target=\"_self\"  class=\"qbutton  big_large center default\" style=\"\">Contate-nos<\/a>[\/vc_column_inner][\/vc_row_inner][vc_empty_space height=&#8221;50px&#8221;][vc_separator type=&#8221;normal&#8221;][\/vc_column][\/vc_row]<\/p>\n","protected":false},"excerpt":{"rendered":"<p>[vc_row css_animation=&#8221;&#8221; row_type=&#8221;row&#8221; use_row_as_full_screen_section=&#8221;no&#8221; type=&#8221;full_width&#8221; angled_section=&#8221;no&#8221; text_align=&#8221;left&#8221; background_image_as_pattern=&#8221;without_pattern&#8221;][vc_column][vc_column_text] CULIN\u00c1RIA [\/vc_column_text][vc_empty_space height=&#8221;20px&#8221;][vc_column_text]A lend\u00e1ria hospitalidade da Jord\u00e2nia e a deliciosa gastronom\u00eda de influ\u00eancia mediterr\u00e2nea criam o local ideal para deliciosas aventuras gastron\u00f4micas. UTA oferece passeios a p\u00e9 pela movimentada \u00e1rea do centro de Am\u00e3, onde moradores e&#8230;<\/p>\n","protected":false},"author":1,"featured_media":0,"parent":0,"menu_order":0,"comment_status":"closed","ping_status":"open","template":"","meta":{"footnotes":""},"class_list":["post-494","page","type-page","status-publish","hentry"],"yoast_head":"<!-- This site is optimized with the Yoast SEO plugin v26.6 - https:\/\/yoast.com\/wordpress\/plugins\/seo\/ -->\n<title>CULIN\u00c1RIA - UTA Jordan in Portuguese<\/title>\n<meta name=\"robots\" content=\"index, follow, max-snippet:-1, max-image-preview:large, max-video-preview:-1\" \/>\n<link rel=\"canonical\" href=\"https:\/\/www.uta.com.sa\/pt\/culinary\/\" \/>\n<meta property=\"og:locale\" content=\"en_US\" \/>\n<meta property=\"og:type\" content=\"article\" \/>\n<meta property=\"og:title\" content=\"CULIN\u00c1RIA - UTA Jordan in Portuguese\" \/>\n<meta property=\"og:description\" content=\"[vc_row css_animation=&#8221;&#8221; row_type=&#8221;row&#8221; use_row_as_full_screen_section=&#8221;no&#8221; type=&#8221;full_width&#8221; angled_section=&#8221;no&#8221; text_align=&#8221;left&#8221; background_image_as_pattern=&#8221;without_pattern&#8221;][vc_column][vc_column_text] CULIN\u00c1RIA [\/vc_column_text][vc_empty_space height=&#8221;20px&#8221;][vc_column_text]A lend\u00e1ria hospitalidade da Jord\u00e2nia e a deliciosa gastronom\u00eda de influ\u00eancia mediterr\u00e2nea criam o local ideal para deliciosas aventuras gastron\u00f4micas. UTA oferece passeios a p\u00e9 pela movimentada \u00e1rea do centro de Am\u00e3, onde moradores e...\" \/>\n<meta property=\"og:url\" content=\"https:\/\/www.uta.com.sa\/pt\/culinary\/\" \/>\n<meta property=\"og:site_name\" content=\"UTA Jordan in Portuguese\" \/>\n<meta property=\"article:modified_time\" content=\"2023-03-31T15:12:39+00:00\" \/>\n<meta name=\"twitter:card\" content=\"summary_large_image\" \/>\n<meta name=\"twitter:label1\" content=\"Est. reading time\" \/>\n\t<meta name=\"twitter:data1\" content=\"2 minutes\" \/>\n<script type=\"application\/ld+json\" class=\"yoast-schema-graph\">{\"@context\":\"https:\/\/schema.org\",\"@graph\":[{\"@type\":\"WebPage\",\"@id\":\"https:\/\/www.uta.com.sa\/pt\/culinary\/\",\"url\":\"https:\/\/www.uta.com.sa\/pt\/culinary\/\",\"name\":\"CULIN\u00c1RIA - UTA Jordan in Portuguese\",\"isPartOf\":{\"@id\":\"https:\/\/www.uta.com.sa\/pt\/#website\"},\"datePublished\":\"2019-06-07T09:03:27+00:00\",\"dateModified\":\"2023-03-31T15:12:39+00:00\",\"breadcrumb\":{\"@id\":\"https:\/\/www.uta.com.sa\/pt\/culinary\/#breadcrumb\"},\"inLanguage\":\"en-US\",\"potentialAction\":[{\"@type\":\"ReadAction\",\"target\":[\"https:\/\/www.uta.com.sa\/pt\/culinary\/\"]}]},{\"@type\":\"BreadcrumbList\",\"@id\":\"https:\/\/www.uta.com.sa\/pt\/culinary\/#breadcrumb\",\"itemListElement\":[{\"@type\":\"ListItem\",\"position\":1,\"name\":\"Home\",\"item\":\"https:\/\/www.uta.com.sa\/pt\/\"},{\"@type\":\"ListItem\",\"position\":2,\"name\":\"CULIN\u00c1RIA\"}]},{\"@type\":\"WebSite\",\"@id\":\"https:\/\/www.uta.com.sa\/pt\/#website\",\"url\":\"https:\/\/www.uta.com.sa\/pt\/\",\"name\":\"UTA Jordan in Portuguese\",\"description\":\"Explore Jordan\",\"potentialAction\":[{\"@type\":\"SearchAction\",\"target\":{\"@type\":\"EntryPoint\",\"urlTemplate\":\"https:\/\/www.uta.com.sa\/pt\/?s={search_term_string}\"},\"query-input\":{\"@type\":\"PropertyValueSpecification\",\"valueRequired\":true,\"valueName\":\"search_term_string\"}}],\"inLanguage\":\"en-US\"}]}<\/script>\n<!-- \/ Yoast SEO plugin. -->","yoast_head_json":{"title":"CULIN\u00c1RIA - UTA Jordan in Portuguese","robots":{"index":"index","follow":"follow","max-snippet":"max-snippet:-1","max-image-preview":"max-image-preview:large","max-video-preview":"max-video-preview:-1"},"canonical":"https:\/\/www.uta.com.sa\/pt\/culinary\/","og_locale":"en_US","og_type":"article","og_title":"CULIN\u00c1RIA - UTA Jordan in Portuguese","og_description":"[vc_row css_animation=&#8221;&#8221; row_type=&#8221;row&#8221; use_row_as_full_screen_section=&#8221;no&#8221; type=&#8221;full_width&#8221; angled_section=&#8221;no&#8221; text_align=&#8221;left&#8221; background_image_as_pattern=&#8221;without_pattern&#8221;][vc_column][vc_column_text] CULIN\u00c1RIA [\/vc_column_text][vc_empty_space height=&#8221;20px&#8221;][vc_column_text]A lend\u00e1ria hospitalidade da Jord\u00e2nia e a deliciosa gastronom\u00eda de influ\u00eancia mediterr\u00e2nea criam o local ideal para deliciosas aventuras gastron\u00f4micas. UTA oferece passeios a p\u00e9 pela movimentada \u00e1rea do centro de Am\u00e3, onde moradores e...","og_url":"https:\/\/www.uta.com.sa\/pt\/culinary\/","og_site_name":"UTA Jordan in Portuguese","article_modified_time":"2023-03-31T15:12:39+00:00","twitter_card":"summary_large_image","twitter_misc":{"Est. reading time":"2 minutes"},"schema":{"@context":"https:\/\/schema.org","@graph":[{"@type":"WebPage","@id":"https:\/\/www.uta.com.sa\/pt\/culinary\/","url":"https:\/\/www.uta.com.sa\/pt\/culinary\/","name":"CULIN\u00c1RIA - UTA Jordan in Portuguese","isPartOf":{"@id":"https:\/\/www.uta.com.sa\/pt\/#website"},"datePublished":"2019-06-07T09:03:27+00:00","dateModified":"2023-03-31T15:12:39+00:00","breadcrumb":{"@id":"https:\/\/www.uta.com.sa\/pt\/culinary\/#breadcrumb"},"inLanguage":"en-US","potentialAction":[{"@type":"ReadAction","target":["https:\/\/www.uta.com.sa\/pt\/culinary\/"]}]},{"@type":"BreadcrumbList","@id":"https:\/\/www.uta.com.sa\/pt\/culinary\/#breadcrumb","itemListElement":[{"@type":"ListItem","position":1,"name":"Home","item":"https:\/\/www.uta.com.sa\/pt\/"},{"@type":"ListItem","position":2,"name":"CULIN\u00c1RIA"}]},{"@type":"WebSite","@id":"https:\/\/www.uta.com.sa\/pt\/#website","url":"https:\/\/www.uta.com.sa\/pt\/","name":"UTA Jordan in Portuguese","description":"Explore Jordan","potentialAction":[{"@type":"SearchAction","target":{"@type":"EntryPoint","urlTemplate":"https:\/\/www.uta.com.sa\/pt\/?s={search_term_string}"},"query-input":{"@type":"PropertyValueSpecification","valueRequired":true,"valueName":"search_term_string"}}],"inLanguage":"en-US"}]}},"_links":{"self":[{"href":"https:\/\/www.uta.com.sa\/pt\/wp-json\/wp\/v2\/pages\/494","targetHints":{"allow":["GET"]}}],"collection":[{"href":"https:\/\/www.uta.com.sa\/pt\/wp-json\/wp\/v2\/pages"}],"about":[{"href":"https:\/\/www.uta.com.sa\/pt\/wp-json\/wp\/v2\/types\/page"}],"author":[{"embeddable":true,"href":"https:\/\/www.uta.com.sa\/pt\/wp-json\/wp\/v2\/users\/1"}],"replies":[{"embeddable":true,"href":"https:\/\/www.uta.com.sa\/pt\/wp-json\/wp\/v2\/comments?post=494"}],"version-history":[{"count":0,"href":"https:\/\/www.uta.com.sa\/pt\/wp-json\/wp\/v2\/pages\/494\/revisions"}],"wp:attachment":[{"href":"https:\/\/www.uta.com.sa\/pt\/wp-json\/wp\/v2\/media?parent=494"}],"curies":[{"name":"wp","href":"https:\/\/api.w.org\/{rel}","templated":true}]}}