{"id":506,"date":"2019-06-07T09:34:16","date_gmt":"2019-06-07T09:34:16","guid":{"rendered":"http:\/\/99.80.114.157\/utajordan\/?page_id=506"},"modified":"2023-03-31T15:15:57","modified_gmt":"2023-03-31T15:15:57","slug":"mice","status":"publish","type":"page","link":"https:\/\/www.uta.com.sa\/pt\/mice\/","title":{"rendered":"MICE"},"content":{"rendered":"<p>[vc_row css_animation=&#8221;&#8221; row_type=&#8221;row&#8221; use_row_as_full_screen_section=&#8221;no&#8221; type=&#8221;full_width&#8221; angled_section=&#8221;no&#8221; text_align=&#8221;left&#8221; background_image_as_pattern=&#8221;without_pattern&#8221;][vc_column][vc_column_text]<\/p>\n<h2 style=\"text-align: center;\">Reuni\u00f5es, Incentivos, Confer\u00eancias e Exposi\u00e7\u00f5es<\/h2>\n<p>[\/vc_column_text][vc_empty_space height=&#8221;20px&#8221;][vc_column_text]Al\u00e9m de sua diversidade inigual\u00e1vel de paisagens, riqueza de locais hist\u00f3ricos e patrim\u00f4nio cultural \u00fanico, a Jord\u00e2nia oferece uma variedade de instala\u00e7\u00f5es para confer\u00eancias e espa\u00e7os de reuni\u00e3o de n\u00edvel internacional. Como resultado, tornou-se um dos destinos mais atraentes do Oriente M\u00e9dio para o setor de reuni\u00f5es, incentivos, confer\u00eancias e eventos (MICE), e sedia o F\u00f3rum Econ\u00f4mico Mundial no Centro de Conven\u00e7\u00f5es Rei Hussein Bin Talal a cada dois anos.<\/p>\n<p>&nbsp;<\/p>\n<p>United Travel Agency (UTA) possui uma equipe especializada capaz de planejar, organizar e gerenciar uma gama completa de reuni\u00f5es de neg\u00f3cios, semin\u00e1rios e itiner\u00e1rios de viagens de incentivo.<\/p>\n<p>&nbsp;<\/p>\n<p>A UTA coordenou com sucesso eventos para empresas e marcas proeminentes, desde reuni\u00f5es de diretoria, reuni\u00f5es corporativas sob medida, eventos comemorativos, lan\u00e7amentos de produtos, workshops, semin\u00e1rios, dias de forma\u00e7\u00e3o de equipes e eventos especiais, todos capitalizados na combina\u00e7\u00e3o de locais cativantes e alta qualidade.<\/p>\n<p>&nbsp;<\/p>\n<p>Nossa abordagem personalizada e hol\u00edstica para as necessidades do setor de MICE garantir\u00e1 um evento de sucesso para organiza\u00e7\u00f5es locais, regionais e internacionais.[\/vc_column_text][vc_empty_space height=&#8221;50px&#8221;][vc_gallery type=&#8221;image_grid&#8221; images=&#8221;510,511,512,513,514,515&#8243; column_number=&#8221;6&#8243; grayscale=&#8221;no&#8221; images_space=&#8221;gallery_without_space&#8221;][vc_empty_space height=&#8221;50px&#8221;][vc_row_inner row_type=&#8221;row&#8221; type=&#8221;full_width&#8221; text_align=&#8221;center&#8221; css_animation=&#8221;&#8221;][vc_column_inner]<a  itemprop=\"url\" href=\"\/pt\/contact-us\/\" target=\"_self\"  class=\"qbutton  big_large center default\" style=\"\">Contate-nos<\/a>[\/vc_column_inner][\/vc_row_inner][vc_empty_space height=&#8221;50px&#8221;][vc_separator type=&#8221;normal&#8221;][\/vc_column][\/vc_row]<\/p>\n","protected":false},"excerpt":{"rendered":"<p>[vc_row css_animation=&#8221;&#8221; row_type=&#8221;row&#8221; use_row_as_full_screen_section=&#8221;no&#8221; type=&#8221;full_width&#8221; angled_section=&#8221;no&#8221; text_align=&#8221;left&#8221; background_image_as_pattern=&#8221;without_pattern&#8221;][vc_column][vc_column_text] Reuni\u00f5es, Incentivos, Confer\u00eancias e Exposi\u00e7\u00f5es [\/vc_column_text][vc_empty_space height=&#8221;20px&#8221;][vc_column_text]Al\u00e9m de sua diversidade inigual\u00e1vel de paisagens, riqueza de locais hist\u00f3ricos e patrim\u00f4nio cultural \u00fanico, a Jord\u00e2nia oferece uma variedade de instala\u00e7\u00f5es para confer\u00eancias e espa\u00e7os de reuni\u00e3o de n\u00edvel internacional&#8230;.<\/p>\n","protected":false},"author":1,"featured_media":0,"parent":0,"menu_order":0,"comment_status":"closed","ping_status":"open","template":"","meta":{"footnotes":""},"class_list":["post-506","page","type-page","status-publish","hentry"],"yoast_head":"<!-- This site is optimized with the Yoast SEO plugin v26.6 - https:\/\/yoast.com\/wordpress\/plugins\/seo\/ -->\n<title>MICE - UTA Jordan in Portuguese<\/title>\n<meta name=\"robots\" content=\"index, follow, max-snippet:-1, max-image-preview:large, max-video-preview:-1\" \/>\n<link rel=\"canonical\" href=\"https:\/\/www.uta.com.sa\/pt\/mice\/\" \/>\n<meta property=\"og:locale\" content=\"en_US\" \/>\n<meta property=\"og:type\" content=\"article\" \/>\n<meta property=\"og:title\" content=\"MICE - UTA Jordan in Portuguese\" \/>\n<meta property=\"og:description\" content=\"[vc_row css_animation=&#8221;&#8221; row_type=&#8221;row&#8221; use_row_as_full_screen_section=&#8221;no&#8221; type=&#8221;full_width&#8221; angled_section=&#8221;no&#8221; text_align=&#8221;left&#8221; background_image_as_pattern=&#8221;without_pattern&#8221;][vc_column][vc_column_text] Reuni\u00f5es, Incentivos, Confer\u00eancias e Exposi\u00e7\u00f5es [\/vc_column_text][vc_empty_space height=&#8221;20px&#8221;][vc_column_text]Al\u00e9m de sua diversidade inigual\u00e1vel de paisagens, riqueza de locais hist\u00f3ricos e patrim\u00f4nio cultural \u00fanico, a Jord\u00e2nia oferece uma variedade de instala\u00e7\u00f5es para confer\u00eancias e espa\u00e7os de reuni\u00e3o de n\u00edvel internacional....\" \/>\n<meta property=\"og:url\" content=\"https:\/\/www.uta.com.sa\/pt\/mice\/\" \/>\n<meta property=\"og:site_name\" content=\"UTA Jordan in Portuguese\" \/>\n<meta property=\"article:modified_time\" content=\"2023-03-31T15:15:57+00:00\" \/>\n<meta name=\"twitter:card\" content=\"summary_large_image\" \/>\n<meta name=\"twitter:label1\" content=\"Est. reading time\" \/>\n\t<meta name=\"twitter:data1\" content=\"1 minute\" \/>\n<script type=\"application\/ld+json\" class=\"yoast-schema-graph\">{\"@context\":\"https:\/\/schema.org\",\"@graph\":[{\"@type\":\"WebPage\",\"@id\":\"https:\/\/www.uta.com.sa\/pt\/mice\/\",\"url\":\"https:\/\/www.uta.com.sa\/pt\/mice\/\",\"name\":\"MICE - UTA Jordan in Portuguese\",\"isPartOf\":{\"@id\":\"https:\/\/www.uta.com.sa\/pt\/#website\"},\"datePublished\":\"2019-06-07T09:34:16+00:00\",\"dateModified\":\"2023-03-31T15:15:57+00:00\",\"breadcrumb\":{\"@id\":\"https:\/\/www.uta.com.sa\/pt\/mice\/#breadcrumb\"},\"inLanguage\":\"en-US\",\"potentialAction\":[{\"@type\":\"ReadAction\",\"target\":[\"https:\/\/www.uta.com.sa\/pt\/mice\/\"]}]},{\"@type\":\"BreadcrumbList\",\"@id\":\"https:\/\/www.uta.com.sa\/pt\/mice\/#breadcrumb\",\"itemListElement\":[{\"@type\":\"ListItem\",\"position\":1,\"name\":\"Home\",\"item\":\"https:\/\/www.uta.com.sa\/pt\/\"},{\"@type\":\"ListItem\",\"position\":2,\"name\":\"MICE\"}]},{\"@type\":\"WebSite\",\"@id\":\"https:\/\/www.uta.com.sa\/pt\/#website\",\"url\":\"https:\/\/www.uta.com.sa\/pt\/\",\"name\":\"UTA Jordan in Portuguese\",\"description\":\"Explore Jordan\",\"potentialAction\":[{\"@type\":\"SearchAction\",\"target\":{\"@type\":\"EntryPoint\",\"urlTemplate\":\"https:\/\/www.uta.com.sa\/pt\/?s={search_term_string}\"},\"query-input\":{\"@type\":\"PropertyValueSpecification\",\"valueRequired\":true,\"valueName\":\"search_term_string\"}}],\"inLanguage\":\"en-US\"}]}<\/script>\n<!-- \/ Yoast SEO plugin. -->","yoast_head_json":{"title":"MICE - UTA Jordan in Portuguese","robots":{"index":"index","follow":"follow","max-snippet":"max-snippet:-1","max-image-preview":"max-image-preview:large","max-video-preview":"max-video-preview:-1"},"canonical":"https:\/\/www.uta.com.sa\/pt\/mice\/","og_locale":"en_US","og_type":"article","og_title":"MICE - UTA Jordan in Portuguese","og_description":"[vc_row css_animation=&#8221;&#8221; row_type=&#8221;row&#8221; use_row_as_full_screen_section=&#8221;no&#8221; type=&#8221;full_width&#8221; angled_section=&#8221;no&#8221; text_align=&#8221;left&#8221; background_image_as_pattern=&#8221;without_pattern&#8221;][vc_column][vc_column_text] Reuni\u00f5es, Incentivos, Confer\u00eancias e Exposi\u00e7\u00f5es [\/vc_column_text][vc_empty_space height=&#8221;20px&#8221;][vc_column_text]Al\u00e9m de sua diversidade inigual\u00e1vel de paisagens, riqueza de locais hist\u00f3ricos e patrim\u00f4nio cultural \u00fanico, a Jord\u00e2nia oferece uma variedade de instala\u00e7\u00f5es para confer\u00eancias e espa\u00e7os de reuni\u00e3o de n\u00edvel internacional....","og_url":"https:\/\/www.uta.com.sa\/pt\/mice\/","og_site_name":"UTA Jordan in Portuguese","article_modified_time":"2023-03-31T15:15:57+00:00","twitter_card":"summary_large_image","twitter_misc":{"Est. reading time":"1 minute"},"schema":{"@context":"https:\/\/schema.org","@graph":[{"@type":"WebPage","@id":"https:\/\/www.uta.com.sa\/pt\/mice\/","url":"https:\/\/www.uta.com.sa\/pt\/mice\/","name":"MICE - UTA Jordan in Portuguese","isPartOf":{"@id":"https:\/\/www.uta.com.sa\/pt\/#website"},"datePublished":"2019-06-07T09:34:16+00:00","dateModified":"2023-03-31T15:15:57+00:00","breadcrumb":{"@id":"https:\/\/www.uta.com.sa\/pt\/mice\/#breadcrumb"},"inLanguage":"en-US","potentialAction":[{"@type":"ReadAction","target":["https:\/\/www.uta.com.sa\/pt\/mice\/"]}]},{"@type":"BreadcrumbList","@id":"https:\/\/www.uta.com.sa\/pt\/mice\/#breadcrumb","itemListElement":[{"@type":"ListItem","position":1,"name":"Home","item":"https:\/\/www.uta.com.sa\/pt\/"},{"@type":"ListItem","position":2,"name":"MICE"}]},{"@type":"WebSite","@id":"https:\/\/www.uta.com.sa\/pt\/#website","url":"https:\/\/www.uta.com.sa\/pt\/","name":"UTA Jordan in Portuguese","description":"Explore Jordan","potentialAction":[{"@type":"SearchAction","target":{"@type":"EntryPoint","urlTemplate":"https:\/\/www.uta.com.sa\/pt\/?s={search_term_string}"},"query-input":{"@type":"PropertyValueSpecification","valueRequired":true,"valueName":"search_term_string"}}],"inLanguage":"en-US"}]}},"_links":{"self":[{"href":"https:\/\/www.uta.com.sa\/pt\/wp-json\/wp\/v2\/pages\/506","targetHints":{"allow":["GET"]}}],"collection":[{"href":"https:\/\/www.uta.com.sa\/pt\/wp-json\/wp\/v2\/pages"}],"about":[{"href":"https:\/\/www.uta.com.sa\/pt\/wp-json\/wp\/v2\/types\/page"}],"author":[{"embeddable":true,"href":"https:\/\/www.uta.com.sa\/pt\/wp-json\/wp\/v2\/users\/1"}],"replies":[{"embeddable":true,"href":"https:\/\/www.uta.com.sa\/pt\/wp-json\/wp\/v2\/comments?post=506"}],"version-history":[{"count":0,"href":"https:\/\/www.uta.com.sa\/pt\/wp-json\/wp\/v2\/pages\/506\/revisions"}],"wp:attachment":[{"href":"https:\/\/www.uta.com.sa\/pt\/wp-json\/wp\/v2\/media?parent=506"}],"curies":[{"name":"wp","href":"https:\/\/api.w.org\/{rel}","templated":true}]}}