{"id":517,"date":"2019-06-07T09:53:04","date_gmt":"2019-06-07T09:53:04","guid":{"rendered":"http:\/\/99.80.114.157\/utajordan\/?page_id=517"},"modified":"2023-03-31T15:21:49","modified_gmt":"2023-03-31T15:21:49","slug":"transportation","status":"publish","type":"page","link":"https:\/\/www.uta.com.sa\/pt\/transportation\/","title":{"rendered":"TRANSPORTE"},"content":{"rendered":"<p>[vc_row css_animation=&#8221;&#8221; row_type=&#8221;row&#8221; use_row_as_full_screen_section=&#8221;no&#8221; type=&#8221;full_width&#8221; angled_section=&#8221;no&#8221; text_align=&#8221;left&#8221; background_image_as_pattern=&#8221;without_pattern&#8221;][vc_column][vc_column_text]<\/p>\n<h2 style=\"text-align: center;\">TRANSPORTE<\/h2>\n<p>[\/vc_column_text][vc_empty_space height=&#8221;20px&#8221;][vc_column_text]A Jord\u00e2nia \u00e9 um dos pa\u00edses de acesso mais simples para visitantes internacionais, com vistos de viagem dispon\u00edveis na chegada e um aeroporto localizado perto da cidade.<\/p>\n<p>&nbsp;<\/p>\n<p>Ao chegar \u00e0 Jord\u00e2nia, UTA oferece uma variedade personalizada de servi\u00e7os de transporte para todos os tipos de viagens de lazer e para os viajantes corporativos maximizarem sua divers\u00e3o no Reino. Al\u00e9m disso, podemos providenciar aluguel de carros e\/ou servi\u00e7os de motorista de alto n\u00edvel na Jord\u00e2nia em uma variedade de ve\u00edculos para atender \u00e0s prefer\u00eancias do cliente, incluindo sedans executivos, ve\u00edculos utilit\u00e1rios esportivos maiores e outros ve\u00edculos de luxo e todos os ve\u00edculos s\u00e3o totalmente equipados com ar condicionado.<\/p>\n<p>&nbsp;<\/p>\n<p>Al\u00e9m disso, os ajustes aos requisitos da frota s\u00e3o personalizados de acordo com as especifica\u00e7\u00f5es MICE para ajudar na movimenta\u00e7\u00e3o das delega\u00e7\u00f5es, incluindo transporte de\/para o aeroporto, transporte local e carros com motorista privativos.<\/p>\n<p>&nbsp;<\/p>\n<p>Al\u00e9m disso, nossos agentes tamb\u00e9m podem providenciar assentos em \u00f4nibus, nos quais os indiv\u00edduos podem compartilhar servi\u00e7os com um grupo, a fim de oferecer aos viajantes experientes a vantagem de descontos em grupo.[\/vc_column_text][vc_empty_space height=&#8221;50px&#8221;][vc_gallery type=&#8221;image_grid&#8221; images=&#8221;521,522,523,524,525,526&#8243; column_number=&#8221;6&#8243; grayscale=&#8221;no&#8221; images_space=&#8221;gallery_without_space&#8221;][vc_empty_space height=&#8221;50px&#8221;][vc_row_inner row_type=&#8221;row&#8221; type=&#8221;full_width&#8221; text_align=&#8221;center&#8221; css_animation=&#8221;&#8221;][vc_column_inner]<a  itemprop=\"url\" href=\"\/pt\/contact-us\/\" target=\"_self\"  class=\"qbutton  big_large center default\" style=\"\">Contate-nos<\/a>[\/vc_column_inner][\/vc_row_inner][vc_empty_space height=&#8221;50px&#8221;][vc_separator type=&#8221;normal&#8221;][\/vc_column][\/vc_row]<\/p>\n","protected":false},"excerpt":{"rendered":"<p>[vc_row css_animation=&#8221;&#8221; row_type=&#8221;row&#8221; use_row_as_full_screen_section=&#8221;no&#8221; type=&#8221;full_width&#8221; angled_section=&#8221;no&#8221; text_align=&#8221;left&#8221; background_image_as_pattern=&#8221;without_pattern&#8221;][vc_column][vc_column_text] TRANSPORTE [\/vc_column_text][vc_empty_space height=&#8221;20px&#8221;][vc_column_text]A Jord\u00e2nia \u00e9 um dos pa\u00edses de acesso mais simples para visitantes internacionais, com vistos de viagem dispon\u00edveis na chegada e um aeroporto localizado perto da cidade. &nbsp; Ao chegar \u00e0 Jord\u00e2nia, UTA oferece uma&#8230;<\/p>\n","protected":false},"author":1,"featured_media":0,"parent":0,"menu_order":0,"comment_status":"closed","ping_status":"open","template":"","meta":{"footnotes":""},"class_list":["post-517","page","type-page","status-publish","hentry"],"yoast_head":"<!-- This site is optimized with the Yoast SEO plugin v26.6 - https:\/\/yoast.com\/wordpress\/plugins\/seo\/ -->\n<title>TRANSPORTE - UTA Jordan in Portuguese<\/title>\n<meta name=\"robots\" content=\"index, follow, max-snippet:-1, max-image-preview:large, max-video-preview:-1\" \/>\n<link rel=\"canonical\" href=\"https:\/\/www.uta.com.sa\/pt\/transportation\/\" \/>\n<meta property=\"og:locale\" content=\"en_US\" \/>\n<meta property=\"og:type\" content=\"article\" \/>\n<meta property=\"og:title\" content=\"TRANSPORTE - UTA Jordan in Portuguese\" \/>\n<meta property=\"og:description\" content=\"[vc_row css_animation=&#8221;&#8221; row_type=&#8221;row&#8221; use_row_as_full_screen_section=&#8221;no&#8221; type=&#8221;full_width&#8221; angled_section=&#8221;no&#8221; text_align=&#8221;left&#8221; background_image_as_pattern=&#8221;without_pattern&#8221;][vc_column][vc_column_text] TRANSPORTE [\/vc_column_text][vc_empty_space height=&#8221;20px&#8221;][vc_column_text]A Jord\u00e2nia \u00e9 um dos pa\u00edses de acesso mais simples para visitantes internacionais, com vistos de viagem dispon\u00edveis na chegada e um aeroporto localizado perto da cidade. &nbsp; Ao chegar \u00e0 Jord\u00e2nia, UTA oferece uma...\" \/>\n<meta property=\"og:url\" content=\"https:\/\/www.uta.com.sa\/pt\/transportation\/\" \/>\n<meta property=\"og:site_name\" content=\"UTA Jordan in Portuguese\" \/>\n<meta property=\"article:modified_time\" content=\"2023-03-31T15:21:49+00:00\" \/>\n<meta name=\"twitter:card\" content=\"summary_large_image\" \/>\n<meta name=\"twitter:label1\" content=\"Est. reading time\" \/>\n\t<meta name=\"twitter:data1\" content=\"1 minute\" \/>\n<script type=\"application\/ld+json\" class=\"yoast-schema-graph\">{\"@context\":\"https:\/\/schema.org\",\"@graph\":[{\"@type\":\"WebPage\",\"@id\":\"https:\/\/www.uta.com.sa\/pt\/transportation\/\",\"url\":\"https:\/\/www.uta.com.sa\/pt\/transportation\/\",\"name\":\"TRANSPORTE - UTA Jordan in Portuguese\",\"isPartOf\":{\"@id\":\"https:\/\/www.uta.com.sa\/pt\/#website\"},\"datePublished\":\"2019-06-07T09:53:04+00:00\",\"dateModified\":\"2023-03-31T15:21:49+00:00\",\"breadcrumb\":{\"@id\":\"https:\/\/www.uta.com.sa\/pt\/transportation\/#breadcrumb\"},\"inLanguage\":\"en-US\",\"potentialAction\":[{\"@type\":\"ReadAction\",\"target\":[\"https:\/\/www.uta.com.sa\/pt\/transportation\/\"]}]},{\"@type\":\"BreadcrumbList\",\"@id\":\"https:\/\/www.uta.com.sa\/pt\/transportation\/#breadcrumb\",\"itemListElement\":[{\"@type\":\"ListItem\",\"position\":1,\"name\":\"Home\",\"item\":\"https:\/\/www.uta.com.sa\/pt\/\"},{\"@type\":\"ListItem\",\"position\":2,\"name\":\"TRANSPORTE\"}]},{\"@type\":\"WebSite\",\"@id\":\"https:\/\/www.uta.com.sa\/pt\/#website\",\"url\":\"https:\/\/www.uta.com.sa\/pt\/\",\"name\":\"UTA Jordan in Portuguese\",\"description\":\"Explore Jordan\",\"potentialAction\":[{\"@type\":\"SearchAction\",\"target\":{\"@type\":\"EntryPoint\",\"urlTemplate\":\"https:\/\/www.uta.com.sa\/pt\/?s={search_term_string}\"},\"query-input\":{\"@type\":\"PropertyValueSpecification\",\"valueRequired\":true,\"valueName\":\"search_term_string\"}}],\"inLanguage\":\"en-US\"}]}<\/script>\n<!-- \/ Yoast SEO plugin. -->","yoast_head_json":{"title":"TRANSPORTE - UTA Jordan in Portuguese","robots":{"index":"index","follow":"follow","max-snippet":"max-snippet:-1","max-image-preview":"max-image-preview:large","max-video-preview":"max-video-preview:-1"},"canonical":"https:\/\/www.uta.com.sa\/pt\/transportation\/","og_locale":"en_US","og_type":"article","og_title":"TRANSPORTE - UTA Jordan in Portuguese","og_description":"[vc_row css_animation=&#8221;&#8221; row_type=&#8221;row&#8221; use_row_as_full_screen_section=&#8221;no&#8221; type=&#8221;full_width&#8221; angled_section=&#8221;no&#8221; text_align=&#8221;left&#8221; background_image_as_pattern=&#8221;without_pattern&#8221;][vc_column][vc_column_text] TRANSPORTE [\/vc_column_text][vc_empty_space height=&#8221;20px&#8221;][vc_column_text]A Jord\u00e2nia \u00e9 um dos pa\u00edses de acesso mais simples para visitantes internacionais, com vistos de viagem dispon\u00edveis na chegada e um aeroporto localizado perto da cidade. &nbsp; Ao chegar \u00e0 Jord\u00e2nia, UTA oferece uma...","og_url":"https:\/\/www.uta.com.sa\/pt\/transportation\/","og_site_name":"UTA Jordan in Portuguese","article_modified_time":"2023-03-31T15:21:49+00:00","twitter_card":"summary_large_image","twitter_misc":{"Est. reading time":"1 minute"},"schema":{"@context":"https:\/\/schema.org","@graph":[{"@type":"WebPage","@id":"https:\/\/www.uta.com.sa\/pt\/transportation\/","url":"https:\/\/www.uta.com.sa\/pt\/transportation\/","name":"TRANSPORTE - UTA Jordan in Portuguese","isPartOf":{"@id":"https:\/\/www.uta.com.sa\/pt\/#website"},"datePublished":"2019-06-07T09:53:04+00:00","dateModified":"2023-03-31T15:21:49+00:00","breadcrumb":{"@id":"https:\/\/www.uta.com.sa\/pt\/transportation\/#breadcrumb"},"inLanguage":"en-US","potentialAction":[{"@type":"ReadAction","target":["https:\/\/www.uta.com.sa\/pt\/transportation\/"]}]},{"@type":"BreadcrumbList","@id":"https:\/\/www.uta.com.sa\/pt\/transportation\/#breadcrumb","itemListElement":[{"@type":"ListItem","position":1,"name":"Home","item":"https:\/\/www.uta.com.sa\/pt\/"},{"@type":"ListItem","position":2,"name":"TRANSPORTE"}]},{"@type":"WebSite","@id":"https:\/\/www.uta.com.sa\/pt\/#website","url":"https:\/\/www.uta.com.sa\/pt\/","name":"UTA Jordan in Portuguese","description":"Explore Jordan","potentialAction":[{"@type":"SearchAction","target":{"@type":"EntryPoint","urlTemplate":"https:\/\/www.uta.com.sa\/pt\/?s={search_term_string}"},"query-input":{"@type":"PropertyValueSpecification","valueRequired":true,"valueName":"search_term_string"}}],"inLanguage":"en-US"}]}},"_links":{"self":[{"href":"https:\/\/www.uta.com.sa\/pt\/wp-json\/wp\/v2\/pages\/517","targetHints":{"allow":["GET"]}}],"collection":[{"href":"https:\/\/www.uta.com.sa\/pt\/wp-json\/wp\/v2\/pages"}],"about":[{"href":"https:\/\/www.uta.com.sa\/pt\/wp-json\/wp\/v2\/types\/page"}],"author":[{"embeddable":true,"href":"https:\/\/www.uta.com.sa\/pt\/wp-json\/wp\/v2\/users\/1"}],"replies":[{"embeddable":true,"href":"https:\/\/www.uta.com.sa\/pt\/wp-json\/wp\/v2\/comments?post=517"}],"version-history":[{"count":0,"href":"https:\/\/www.uta.com.sa\/pt\/wp-json\/wp\/v2\/pages\/517\/revisions"}],"wp:attachment":[{"href":"https:\/\/www.uta.com.sa\/pt\/wp-json\/wp\/v2\/media?parent=517"}],"curies":[{"name":"wp","href":"https:\/\/api.w.org\/{rel}","templated":true}]}}